{"id":6,"date":"2019-07-15T11:00:26","date_gmt":"2019-07-15T14:00:26","guid":{"rendered":"https:\/\/almasge.com.br\/site\/?page_id=6"},"modified":"2024-05-23T10:34:19","modified_gmt":"2024-05-23T13:34:19","slug":"empresa","status":"publish","type":"page","link":"https:\/\/almasge.com.br\/site\/empresa\/","title":{"rendered":"Empresa"},"content":{"rendered":"\n<h3 class=\"wp-block-heading text-primary mb-5\">A <strong>tecnologia<\/strong> est\u00e1 na <strong>nossa Alma<\/strong>.<\/h3>\n\n\n\n<div class=\"wp-block-columns is-layout-flex wp-container-core-columns-is-layout-9d6595d7 wp-block-columns-is-layout-flex\">\n<div class=\"wp-block-column is-layout-flow wp-block-column-is-layout-flow\">\n<p class=\"mb-4\">A <strong>Alma Sistemas de Gest\u00e3o Empresarial<\/strong> \u00e9 uma consultoria homologada TOTVS para implanta\u00e7\u00e3o do Sistema Protheus, customiza\u00e7\u00f5es e venda de produtos e servi\u00e7os Totvs. Nossa especialidade \u00e9 o software de gest\u00e3o (ERP) TOTVS Protheus. Temos uma equipe de especialistas experientes capazes de fornecer um servi\u00e7o de alta qualidade nos diversos segmentos de neg\u00f3cio seja na parte funcional ou t\u00e9cnica. Levamos muito a s\u00e9rio a gest\u00e3o do conhecimento e sendo assim, procuramos manter nossa equipe atualizada quanto as mudan\u00e7as frequentes de legisla\u00e7\u00e3o, novas solu\u00e7\u00f5es tecnol\u00f3gicas da TOTVS e boas pr\u00e1ticas de mercado com o objetivo de nivelarmos a nossa equipe a um n\u00edvel diferenciado no mercado e sermos cada vez melhores naquilo que fazemos.<\/p>\n\n\n\n<p class=\"mb-4\">A ALMA SGE nasceu ap\u00f3s a constata\u00e7\u00e3o de que o mercado carecia de m\u00e9todos \u00e1geis de implanta\u00e7\u00e3o de ERP, implanta\u00e7\u00e3o de boas pr\u00e1ticas empresariais e personaliza\u00e7\u00f5es que de fato gerassem valor ao Cliente. Foi a partir dessas premissas que o fundador Marcos Feij\u00f3, com ampla experi\u00eancia em solu\u00e7\u00f5es ERP, decidiu em 2017 inaugurar a Alma SGE.<\/p>\n<\/div>\n\n\n\n<div class=\"wp-block-column is-layout-flow wp-block-column-is-layout-flow\">\n<p class=\"mb-4\">Somos uma CNT \u2013 C\u00e9lula de Neg\u00f3cios TOTVS. Esta parceria permite a Alma SGE um diferencial de mercado pois permite estar em contato constante com todo o time Totvs levando ao mercado maior qualidade e velocidade nos atendimentos.<\/p>\n\n\n\n<p class=\"mb-4\">Com sede na cidade de Curitiba\/PR, atendemos todo o territ\u00f3rio Nacional com \u00e9tica e transpar\u00eancia. Entre em contato conosco. Estamos prontos para oferecer a sua empresa as melhores solu\u00e7\u00f5es em tecnologia.<\/p>\n<\/div>\n<\/div>\n\n\n\n<hr class=\"wp-block-separator has-css-opacity my-5 d-none\"\/>\n\n\n\n<div class=\"wp-block-columns d-none is-layout-flex wp-container-core-columns-is-layout-9d6595d7 wp-block-columns-is-layout-flex\">\n<div class=\"wp-block-column is-layout-flow wp-block-column-is-layout-flow\">\n<div class=\"wp-block-columns is-layout-flex wp-container-core-columns-is-layout-9d6595d7 wp-block-columns-is-layout-flex\">\n<div class=\"wp-block-column is-layout-flow wp-block-column-is-layout-flow\" style=\"flex-basis:33.33%\">\n<figure class=\"wp-block-image size-large is-style-circle-mask\"><img loading=\"lazy\" decoding=\"async\" width=\"267\" height=\"267\" src=\"https:\/\/almasge.com.br\/site\/wp-content\/uploads\/2020\/01\/IMG_4407_Facetune_05-08-2019-13-03-30.jpg\" alt=\"\" class=\"wp-image-780\" srcset=\"https:\/\/almasge.com.br\/site\/wp-content\/uploads\/2020\/01\/IMG_4407_Facetune_05-08-2019-13-03-30.jpg 267w, https:\/\/almasge.com.br\/site\/wp-content\/uploads\/2020\/01\/IMG_4407_Facetune_05-08-2019-13-03-30-150x150.jpg 150w\" sizes=\"auto, (max-width: 267px) 100vw, 267px\" \/><\/figure>\n<\/div>\n\n\n\n<div class=\"wp-block-column is-layout-flow wp-block-column-is-layout-flow\" style=\"flex-basis:66.66%\">\n<h4 class=\"wp-block-heading\">Marcos Aur\u00e9lio Feij\u00f3<\/h4>\n\n\n\n<p><\/p>\n<\/div>\n<\/div>\n<\/div>\n\n\n\n<div class=\"wp-block-column is-layout-flow wp-block-column-is-layout-flow\"><\/div>\n<\/div>\n","protected":false},"excerpt":{"rendered":"<p>A tecnologia est\u00e1 na nossa Alma. A Alma Sistemas de Gest\u00e3o Empresarial \u00e9 uma consultoria homologada TOTVS para implanta\u00e7\u00e3o do Sistema Protheus, customiza\u00e7\u00f5es e venda de produtos e servi\u00e7os Totvs. Nossa especialidade \u00e9 o software de gest\u00e3o (ERP) TOTVS Protheus. Temos uma equipe de especialistas experientes capazes de fornecer um servi\u00e7o de alta qualidade nos [&hellip;]<\/p>\n","protected":false},"author":1,"featured_media":67,"parent":0,"menu_order":0,"comment_status":"closed","ping_status":"closed","template":"","meta":{"footnotes":""},"class_list":["post-6","page","type-page","status-publish","has-post-thumbnail","hentry"],"yoast_head":"<!-- This site is optimized with the Yoast SEO plugin v26.9 - https:\/\/yoast.com\/product\/yoast-seo-wordpress\/ -->\n<title>Empresa - Alma<\/title>\n<meta name=\"robots\" content=\"index, follow, max-snippet:-1, max-image-preview:large, max-video-preview:-1\" \/>\n<link rel=\"canonical\" href=\"https:\/\/almasge.com.br\/site\/empresa\/\" \/>\n<meta property=\"og:locale\" content=\"pt_BR\" \/>\n<meta property=\"og:type\" content=\"article\" \/>\n<meta property=\"og:title\" content=\"Empresa - Alma\" \/>\n<meta property=\"og:description\" content=\"A tecnologia est\u00e1 na nossa Alma. A Alma Sistemas de Gest\u00e3o Empresarial \u00e9 uma consultoria homologada TOTVS para implanta\u00e7\u00e3o do Sistema Protheus, customiza\u00e7\u00f5es e venda de produtos e servi\u00e7os Totvs. Nossa especialidade \u00e9 o software de gest\u00e3o (ERP) TOTVS Protheus. Temos uma equipe de especialistas experientes capazes de fornecer um servi\u00e7o de alta qualidade nos [&hellip;]\" \/>\n<meta property=\"og:url\" content=\"https:\/\/almasge.com.br\/site\/empresa\/\" \/>\n<meta property=\"og:site_name\" content=\"Alma\" \/>\n<meta property=\"article:modified_time\" content=\"2024-05-23T13:34:19+00:00\" \/>\n<meta property=\"og:image\" content=\"https:\/\/almasge.com.br\/site\/wp-content\/uploads\/2019\/07\/consulting_landing_page.jpg\" \/>\n\t<meta property=\"og:image:width\" content=\"1920\" \/>\n\t<meta property=\"og:image:height\" content=\"550\" \/>\n\t<meta property=\"og:image:type\" content=\"image\/jpeg\" \/>\n<meta name=\"twitter:card\" content=\"summary_large_image\" \/>\n<meta name=\"twitter:label1\" content=\"Est. tempo de leitura\" \/>\n\t<meta name=\"twitter:data1\" content=\"2 minutos\" \/>\n<script type=\"application\/ld+json\" class=\"yoast-schema-graph\">{\"@context\":\"https:\/\/schema.org\",\"@graph\":[{\"@type\":\"WebPage\",\"@id\":\"https:\/\/almasge.com.br\/site\/empresa\/\",\"url\":\"https:\/\/almasge.com.br\/site\/empresa\/\",\"name\":\"Empresa - Alma\",\"isPartOf\":{\"@id\":\"https:\/\/almasge.com.br\/site\/#website\"},\"primaryImageOfPage\":{\"@id\":\"https:\/\/almasge.com.br\/site\/empresa\/#primaryimage\"},\"image\":{\"@id\":\"https:\/\/almasge.com.br\/site\/empresa\/#primaryimage\"},\"thumbnailUrl\":\"https:\/\/almasge.com.br\/site\/wp-content\/uploads\/2019\/07\/consulting_landing_page.jpg\",\"datePublished\":\"2019-07-15T14:00:26+00:00\",\"dateModified\":\"2024-05-23T13:34:19+00:00\",\"breadcrumb\":{\"@id\":\"https:\/\/almasge.com.br\/site\/empresa\/#breadcrumb\"},\"inLanguage\":\"pt-BR\",\"potentialAction\":[{\"@type\":\"ReadAction\",\"target\":[\"https:\/\/almasge.com.br\/site\/empresa\/\"]}]},{\"@type\":\"ImageObject\",\"inLanguage\":\"pt-BR\",\"@id\":\"https:\/\/almasge.com.br\/site\/empresa\/#primaryimage\",\"url\":\"https:\/\/almasge.com.br\/site\/wp-content\/uploads\/2019\/07\/consulting_landing_page.jpg\",\"contentUrl\":\"https:\/\/almasge.com.br\/site\/wp-content\/uploads\/2019\/07\/consulting_landing_page.jpg\",\"width\":1920,\"height\":550},{\"@type\":\"BreadcrumbList\",\"@id\":\"https:\/\/almasge.com.br\/site\/empresa\/#breadcrumb\",\"itemListElement\":[{\"@type\":\"ListItem\",\"position\":1,\"name\":\"In\u00edcio\",\"item\":\"https:\/\/almasge.com.br\/site\/\"},{\"@type\":\"ListItem\",\"position\":2,\"name\":\"Empresa\"}]},{\"@type\":\"WebSite\",\"@id\":\"https:\/\/almasge.com.br\/site\/#website\",\"url\":\"https:\/\/almasge.com.br\/site\/\",\"name\":\"Alma\",\"description\":\"Sistemas de Gest\u00e3o Empresarial\",\"publisher\":{\"@id\":\"https:\/\/almasge.com.br\/site\/#organization\"},\"potentialAction\":[{\"@type\":\"SearchAction\",\"target\":{\"@type\":\"EntryPoint\",\"urlTemplate\":\"https:\/\/almasge.com.br\/site\/?s={search_term_string}\"},\"query-input\":{\"@type\":\"PropertyValueSpecification\",\"valueRequired\":true,\"valueName\":\"search_term_string\"}}],\"inLanguage\":\"pt-BR\"},{\"@type\":\"Organization\",\"@id\":\"https:\/\/almasge.com.br\/site\/#organization\",\"name\":\"ALMA Sistemas de Gest\u00e3o Empresarial\",\"url\":\"https:\/\/almasge.com.br\/site\/\",\"logo\":{\"@type\":\"ImageObject\",\"inLanguage\":\"pt-BR\",\"@id\":\"https:\/\/almasge.com.br\/site\/#\/schema\/logo\/image\/\",\"url\":\"https:\/\/almasge.com.br\/site\/wp-content\/uploads\/2019\/07\/logo_ico.png\",\"contentUrl\":\"https:\/\/almasge.com.br\/site\/wp-content\/uploads\/2019\/07\/logo_ico.png\",\"width\":512,\"height\":512,\"caption\":\"ALMA Sistemas de Gest\u00e3o Empresarial\"},\"image\":{\"@id\":\"https:\/\/almasge.com.br\/site\/#\/schema\/logo\/image\/\"}}]}<\/script>\n<!-- \/ Yoast SEO plugin. -->","yoast_head_json":{"title":"Empresa - Alma","robots":{"index":"index","follow":"follow","max-snippet":"max-snippet:-1","max-image-preview":"max-image-preview:large","max-video-preview":"max-video-preview:-1"},"canonical":"https:\/\/almasge.com.br\/site\/empresa\/","og_locale":"pt_BR","og_type":"article","og_title":"Empresa - Alma","og_description":"A tecnologia est\u00e1 na nossa Alma. A Alma Sistemas de Gest\u00e3o Empresarial \u00e9 uma consultoria homologada TOTVS para implanta\u00e7\u00e3o do Sistema Protheus, customiza\u00e7\u00f5es e venda de produtos e servi\u00e7os Totvs. Nossa especialidade \u00e9 o software de gest\u00e3o (ERP) TOTVS Protheus. Temos uma equipe de especialistas experientes capazes de fornecer um servi\u00e7o de alta qualidade nos [&hellip;]","og_url":"https:\/\/almasge.com.br\/site\/empresa\/","og_site_name":"Alma","article_modified_time":"2024-05-23T13:34:19+00:00","og_image":[{"width":1920,"height":550,"url":"https:\/\/almasge.com.br\/site\/wp-content\/uploads\/2019\/07\/consulting_landing_page.jpg","type":"image\/jpeg"}],"twitter_card":"summary_large_image","twitter_misc":{"Est. tempo de leitura":"2 minutos"},"schema":{"@context":"https:\/\/schema.org","@graph":[{"@type":"WebPage","@id":"https:\/\/almasge.com.br\/site\/empresa\/","url":"https:\/\/almasge.com.br\/site\/empresa\/","name":"Empresa - Alma","isPartOf":{"@id":"https:\/\/almasge.com.br\/site\/#website"},"primaryImageOfPage":{"@id":"https:\/\/almasge.com.br\/site\/empresa\/#primaryimage"},"image":{"@id":"https:\/\/almasge.com.br\/site\/empresa\/#primaryimage"},"thumbnailUrl":"https:\/\/almasge.com.br\/site\/wp-content\/uploads\/2019\/07\/consulting_landing_page.jpg","datePublished":"2019-07-15T14:00:26+00:00","dateModified":"2024-05-23T13:34:19+00:00","breadcrumb":{"@id":"https:\/\/almasge.com.br\/site\/empresa\/#breadcrumb"},"inLanguage":"pt-BR","potentialAction":[{"@type":"ReadAction","target":["https:\/\/almasge.com.br\/site\/empresa\/"]}]},{"@type":"ImageObject","inLanguage":"pt-BR","@id":"https:\/\/almasge.com.br\/site\/empresa\/#primaryimage","url":"https:\/\/almasge.com.br\/site\/wp-content\/uploads\/2019\/07\/consulting_landing_page.jpg","contentUrl":"https:\/\/almasge.com.br\/site\/wp-content\/uploads\/2019\/07\/consulting_landing_page.jpg","width":1920,"height":550},{"@type":"BreadcrumbList","@id":"https:\/\/almasge.com.br\/site\/empresa\/#breadcrumb","itemListElement":[{"@type":"ListItem","position":1,"name":"In\u00edcio","item":"https:\/\/almasge.com.br\/site\/"},{"@type":"ListItem","position":2,"name":"Empresa"}]},{"@type":"WebSite","@id":"https:\/\/almasge.com.br\/site\/#website","url":"https:\/\/almasge.com.br\/site\/","name":"Alma","description":"Sistemas de Gest\u00e3o Empresarial","publisher":{"@id":"https:\/\/almasge.com.br\/site\/#organization"},"potentialAction":[{"@type":"SearchAction","target":{"@type":"EntryPoint","urlTemplate":"https:\/\/almasge.com.br\/site\/?s={search_term_string}"},"query-input":{"@type":"PropertyValueSpecification","valueRequired":true,"valueName":"search_term_string"}}],"inLanguage":"pt-BR"},{"@type":"Organization","@id":"https:\/\/almasge.com.br\/site\/#organization","name":"ALMA Sistemas de Gest\u00e3o Empresarial","url":"https:\/\/almasge.com.br\/site\/","logo":{"@type":"ImageObject","inLanguage":"pt-BR","@id":"https:\/\/almasge.com.br\/site\/#\/schema\/logo\/image\/","url":"https:\/\/almasge.com.br\/site\/wp-content\/uploads\/2019\/07\/logo_ico.png","contentUrl":"https:\/\/almasge.com.br\/site\/wp-content\/uploads\/2019\/07\/logo_ico.png","width":512,"height":512,"caption":"ALMA Sistemas de Gest\u00e3o Empresarial"},"image":{"@id":"https:\/\/almasge.com.br\/site\/#\/schema\/logo\/image\/"}}]}},"_links":{"self":[{"href":"https:\/\/almasge.com.br\/site\/wp-json\/wp\/v2\/pages\/6","targetHints":{"allow":["GET"]}}],"collection":[{"href":"https:\/\/almasge.com.br\/site\/wp-json\/wp\/v2\/pages"}],"about":[{"href":"https:\/\/almasge.com.br\/site\/wp-json\/wp\/v2\/types\/page"}],"author":[{"embeddable":true,"href":"https:\/\/almasge.com.br\/site\/wp-json\/wp\/v2\/users\/1"}],"replies":[{"embeddable":true,"href":"https:\/\/almasge.com.br\/site\/wp-json\/wp\/v2\/comments?post=6"}],"version-history":[{"count":117,"href":"https:\/\/almasge.com.br\/site\/wp-json\/wp\/v2\/pages\/6\/revisions"}],"predecessor-version":[{"id":1037,"href":"https:\/\/almasge.com.br\/site\/wp-json\/wp\/v2\/pages\/6\/revisions\/1037"}],"wp:featuredmedia":[{"embeddable":true,"href":"https:\/\/almasge.com.br\/site\/wp-json\/wp\/v2\/media\/67"}],"wp:attachment":[{"href":"https:\/\/almasge.com.br\/site\/wp-json\/wp\/v2\/media?parent=6"}],"curies":[{"name":"wp","href":"https:\/\/api.w.org\/{rel}","templated":true}]}}