{"id":3,"date":"2019-07-15T09:28:19","date_gmt":"2019-07-15T12:28:19","guid":{"rendered":"https:\/\/almasge.com.br\/site\/?page_id=3"},"modified":"2020-01-28T13:57:14","modified_gmt":"2020-01-28T16:57:14","slug":"politica-de-privacidade","status":"publish","type":"page","link":"https:\/\/almasge.com.br\/site\/politica-de-privacidade\/","title":{"rendered":"Pol\u00edtica de Privacidade"},"content":{"rendered":"\n<h3 class=\"wp-block-heading\">Apresenta\u00e7\u00e3o<\/h3>\n\n\n\n<p>A Alma Sistemas de Gest\u00e3o Empresarial \u00e9 uma empresa de tecnologia, homologada TOTVS, que possui profissionais com longa experi\u00eancia para proporcionar n\u00edveis de excel\u00eancia aos nossos clientes.<\/p>\n\n\n\n<p>A Alma SGE tamb\u00e9m possui grande preocupa\u00e7\u00e3o com a sua privacidade, assim, est\u00e1 adequada a Lei Geral de Prote\u00e7\u00e3o de Dados.<\/p>\n\n\n\n<p>Nossa Pol\u00edtica de Privacidade esclarece algumas informa\u00e7\u00f5es importantes para que voc\u00ea tenha confian\u00e7a em nos fornecer seus dados, e que possa se resguardar atuando conosco.<\/p>\n\n\n\n<hr class=\"wp-block-separator\"\/>\n\n\n\n<p style=\"background-color:#58707e;color:#ffffff\" class=\"has-text-color has-background my-5 p-4\"><strong>Aten\u00e7\u00e3o:<\/strong> Nossa pol\u00edtica pode ser alterada, caso isto ocorra e tenhamos seu email, voc\u00ea ser\u00e1 informado atrav\u00e9s deste, com a devida anteced\u00eancia. Adicionaremos avisos tamb\u00e9m ao site, permitindo que voc\u00ea consulte as altera\u00e7\u00f5es sempre que as mesmas ocorrerem.<\/p>\n\n\n\n<p>A Alma SGE, atua como controladora e operadora de dados, e conta com encarregada de dados (DPO), para quaisquer esclarecimentos que se fizerem necess\u00e1rios.<\/p>\n\n\n\n<p>Como controladora de Dados, a Alma SGE, possui poder de decis\u00e3o sobre quais dados ir\u00e1 tratar e como ir\u00e1 tratar, sobre a finalidade e base legal para o tratamento, sobre a decis\u00e3o de per\u00edodo e local de armazenamento, bem como responsabilidade pela seguran\u00e7a dos mesmos, pelo cumprimento integral da legisla\u00e7\u00e3o, por permitir acesso imediato ao titular, permitir retirada de consentimentos, excluir dados quando os mesmos n\u00e3o forem mais necess\u00e1rios, al\u00e9m de quando poss\u00edvel, sob solicita\u00e7\u00e3o do titular, excluir os dados ou ainda efetuar a transfer\u00eancia ou modifica\u00e7\u00e3o dos mesmos. Compartilhar os dados apenas com operadores que mantenham o n\u00edvel de seguran\u00e7a, e cumpram corretamente a legisla\u00e7\u00e3o.<\/p>\n\n\n\n<p>Como operadora de Dados, a ALMA SGE, realiza tratamentos de dados, em nome de controladores como TOTVS e afiliadas, clientes e parceiros, na medida exata da solicita\u00e7\u00e3o feita por estes, desde que em conformidade com a legisla\u00e7\u00e3o, garantindo o n\u00edvel de seguran\u00e7a e correto cumprimento legal.<\/p>\n\n\n\n<h3 class=\"wp-block-heading\">Dados<\/h3>\n\n\n\n<p>Dividimos os dados em 3 (tr\u00eas) categorias:<\/p>\n\n\n\n<ul class=\"wp-block-list\"><li><strong>Dados Fornecidos:<\/strong> S\u00e3o dados informados pelo titular ou por pessoa f\u00edsica ou jur\u00eddica autorizada a compartilhar tais dados, diretamente a n\u00f3s atrav\u00e9s do preenchimento de formul\u00e1rios, contratos, contatos e afins.<\/li><li><strong>Dados Obtidos:<\/strong> S\u00e3o dados que recebemos atrav\u00e9s da TOTVS e afiliadas, de clientes e de parceiros.<\/li><li><strong>Dados Coletados:<\/strong> S\u00e3o dados que conseguimos capturar atrav\u00e9s da navega\u00e7\u00e3o do site ou do sistema, bem como da conex\u00e3o ao wi-fi, os quais incluem cookies, logs e similares.<\/li><\/ul>\n\n\n\n<h3 class=\"wp-block-heading\">Uso dos Dados<\/h3>\n\n\n\n<p>Os dados fornecidos s\u00e3o usados para a finalidade espec\u00edfica para qual eles foram fornecidos e atividades consequentes desta.<\/p>\n\n\n\n<p>Os dados obtidos s\u00e3o usados na conformidade de orienta\u00e7\u00e3o passada pelo controlador dos dados, desde que tal orienta\u00e7\u00e3o n\u00e3o infrinja, dispositivos legais.<\/p>\n\n\n\n<p>Os dados coletados s\u00e3o usados para garantias legais, bem como para an\u00e1lises estat\u00edsticas. Tamb\u00e9m usaremos estes dados para a an\u00e1lise de perfil, se autorizado.<\/p>\n\n\n\n<p>Os dados obtidos podem se consolidar em dados fornecidos ap\u00f3s consentimento do titular ou de pessoa f\u00edsica ou jur\u00eddica que possua autoriza\u00e7\u00e3o para tanto.<\/p>\n\n\n\n<p>Caso os dados sejam relevantes para outra utiliza\u00e7\u00e3o, o titular ser\u00e1 consultado para a autoriza\u00e7\u00e3o diversa sobre o qual tenha que consentir, e ser\u00e1 informado sobre utiliza\u00e7\u00e3o diversa necess\u00e1ria e legalmente permitida.<\/p>\n\n\n\n<h3 class=\"wp-block-heading\">Compartilhamento dos Dados<\/h3>\n\n\n\n<p>Todos os dados \u2013 fornecidos, obtidos ou coletados podem ser compartilhados internamente, para todos os colaboradores da Alma SGE, bem como com a TOTVS e afiliadas, mediante uso de sistemas. <\/p>\n\n\n\n<p>Os dados fornecidos, podem ser compartilhados com clientes, parceiros e com nossos operadores, na estrita medida necess\u00e1ria, desde que se mantenha a finalidade do mesmo. Os dados fornecidos tamb\u00e9m  podem ser compartilhados com org\u00e3os governamentais, na medida legalmente necess\u00e1ria. <\/p>\n\n\n\n<p>Os dados obtidos n\u00e3o ser\u00e3o compartilhados com terceiros sem autoriza\u00e7\u00e3o, com as devidas ressalvas legais.<\/p>\n\n\n\n<p>Os dados coletados, ser\u00e3o compartilhados, com empresas que nos forne\u00e7am servi\u00e7os a estes relacionados. Os mesmos est\u00e3o discriminados nos cookies aos quais se referem e podem ser verificados <a href=\"https:\/\/almasge.com.br\/site\/cookies\/\" target=\"_blank\" rel=\"noreferrer noopener\" aria-label=\"aqui (abre numa nova aba)\">aqui<\/a>.<\/p>\n\n\n\n<p>Para estat\u00edstica, an\u00e1lise de mercado e afins, poder\u00e1 existir o compartilhamento com terceiros de dados fornecidos, obtidos e\/ou coletados e que n\u00e3o s\u00e3o considerados pessoais, pois n\u00e3o vinculam a determinada pessoa, tais como: picos de hor\u00e1rio de acesso, cidade de localiza\u00e7\u00e3o, tempo m\u00e9dio de perman\u00eancia no site e afins.<\/p>\n\n\n\n<p>Todo e qualquer dado, pode vir ser compartilhado com terceiros, caso haja determina\u00e7\u00e3o judicial, que obrigue a Alma SGE a apresentar tais dados. <\/p>\n\n\n\n<h3 class=\"wp-block-heading\">Op\u00e7\u00f5es e Possibilidades<\/h3>\n\n\n\n<p>Atuamos com o conceito de \u201cprivacidade por padr\u00e3o\u201d. Isso significa que requer como obrigat\u00f3rio apenas os dados essenciais, demais dados s\u00e3o preenchidos apenas por faculdade do titular e ser\u00e3o usados apenas para a finalidade obtida.<\/p>\n\n\n\n<p>O titular dos dados poder\u00e1 requerer a qualquer momento, mediante requisi\u00e7\u00e3o destinada ao DPO, a confirma\u00e7\u00e3o da exist\u00eancia de tratamento de seus dados; acesso aos dados; corre\u00e7\u00e3o de dados incompletos, inexatos ou desatualizados; podendo retirar consentimentos anteriormente concedidos, solicitar transfer\u00eancia, modifica\u00e7\u00e3o e exclus\u00e3o dos dados. E demais direitos previstos no <a href=\"http:\/\/www.planalto.gov.br\/ccivil_03\/_ato2015-2018\/2018\/lei\/L13709.htm#art18\" target=\"_blank\" rel=\"noreferrer noopener\" aria-label=\" (abre numa nova aba)\">art. 18 da Lei Geral de Prote\u00e7\u00e3o de Dados<\/a>.<\/p>\n\n\n\n<p>A Alma SGE compromete-se a cumprir as solicita\u00e7\u00f5es efetuadas na medida poss\u00edvel, ressaltando que alguns dados poder\u00e3o ser mantidos, por aspectos legais.<\/p>\n\n\n\n<h3 class=\"wp-block-heading\">Obriga\u00e7\u00f5es<\/h3>\n\n\n\n<p>O usu\u00e1rio\/visitante compromete-se a utilizar apenas dados pr\u00f3prios ou dados de terceiros aos quais tenha autoriza\u00e7\u00e3o de uso.<\/p>\n\n\n\n<p>Consideram-se verdadeiras todas as informa\u00e7\u00f5es ora prestadas pelo usu\u00e1rio\/visitante, de modo que o mesmo responder\u00e1 por qualquer incorre\u00e7\u00e3o.<\/p>\n\n\n\n<p>O usu\u00e1rio\/visitante compromete-se a n\u00e3o fornecer dados que possam ser considerados sens\u00edveis, ou de menores estando ciente que a Alma SGE, n\u00e3o controla tais dados e por esta quest\u00e3o descartar\u00e1 imediatamente qualquer dado que reconhecer &#8211; neste sentido: dado pessoal sobre origem racial ou \u00e9tnica, convic\u00e7\u00e3o religiosa, opini\u00e3o pol\u00edtica, filia\u00e7\u00e3o a sindicato ou a organiza\u00e7\u00e3o de car\u00e1ter religioso, filos\u00f3fico ou pol\u00edtico, dado referente \u00e0 sa\u00fade ou \u00e0 vida sexual, dado gen\u00e9tico ou biom\u00e9trico, quando vinculado a uma pessoa natural. Bem como qualquer dado relacionado a menores de idade, frente a legisla\u00e7\u00e3o atual vigente.<\/p>\n\n\n\n<h3 class=\"wp-block-heading\">Informa\u00e7\u00f5es Importantes<\/h3>\n\n\n\n<p>A Alma SGE como homologada TOTVS, usa, vende e presta servi\u00e7os em produtos \u201csoftwares\u201d TOTVS. A <a href=\"https:\/\/www.totvs.com\/\">TOTVS <\/a>\u00e9 a \u00fanica respons\u00e1vel pelo desenvolvimento, seguran\u00e7a e manuten\u00e7\u00e3o \u201cbase\u201d de seus softwares.<\/p>\n\n\n\n<h3 class=\"wp-block-heading\">Contatos<\/h3>\n\n\n\n<p>D\u00favidas ou solicita\u00e7\u00f5es referente a nossa pol\u00edtica ou ao tratamento de dados deve ser feita a nossa Encarregada de Dados\/DPO (Data Protection Officer) \u2013 Amanda B. Feij\u00f3, atrav\u00e9s do email <a href=\"mailto:dpo@almasge.com.br\">dpo@almasge.com.br<\/a>, ou telefones (41) 3206-9019 e (41) 98400-0294.<\/p>\n\n\n\n<p class=\"has-text-color has-small-font-size has-cyan-bluish-gray-color\"> Est\u00e1 pol\u00edtica teve sua \u00faltima altera\u00e7\u00e3o em 06\/01\/2020.<\/p>\n\n\n\n<p><\/p>\n","protected":false},"excerpt":{"rendered":"<p>Pol\u00edtica de Privacidade ALMA. Detalhes sobre a seguran\u00e7a de seus dados.<\/p>\n","protected":false},"author":1,"featured_media":672,"parent":0,"menu_order":0,"comment_status":"closed","ping_status":"open","template":"","meta":{"footnotes":""},"class_list":["post-3","page","type-page","status-publish","has-post-thumbnail","hentry"],"yoast_head":"<!-- This site is optimized with the Yoast SEO plugin v26.9 - https:\/\/yoast.com\/product\/yoast-seo-wordpress\/ -->\n<title>Pol\u00edtica de Privacidade - Alma<\/title>\n<meta name=\"robots\" content=\"index, follow, max-snippet:-1, max-image-preview:large, max-video-preview:-1\" \/>\n<link rel=\"canonical\" href=\"https:\/\/almasge.com.br\/site\/politica-de-privacidade\/\" \/>\n<meta property=\"og:locale\" content=\"pt_BR\" \/>\n<meta property=\"og:type\" content=\"article\" \/>\n<meta property=\"og:title\" content=\"Pol\u00edtica de Privacidade - Alma\" \/>\n<meta property=\"og:description\" content=\"Pol\u00edtica de Privacidade ALMA. Detalhes sobre a seguran\u00e7a de seus dados.\" \/>\n<meta property=\"og:url\" content=\"https:\/\/almasge.com.br\/site\/politica-de-privacidade\/\" \/>\n<meta property=\"og:site_name\" content=\"Alma\" \/>\n<meta property=\"article:modified_time\" content=\"2020-01-28T16:57:14+00:00\" \/>\n<meta property=\"og:image\" content=\"https:\/\/almasge.com.br\/site\/wp-content\/uploads\/2019\/12\/blockchain.jpg\" \/>\n\t<meta property=\"og:image:width\" content=\"1579\" \/>\n\t<meta property=\"og:image:height\" content=\"486\" \/>\n\t<meta property=\"og:image:type\" content=\"image\/jpeg\" \/>\n<meta name=\"twitter:card\" content=\"summary_large_image\" \/>\n<meta name=\"twitter:label1\" content=\"Est. tempo de leitura\" \/>\n\t<meta name=\"twitter:data1\" content=\"6 minutos\" \/>\n<script type=\"application\/ld+json\" class=\"yoast-schema-graph\">{\"@context\":\"https:\/\/schema.org\",\"@graph\":[{\"@type\":\"WebPage\",\"@id\":\"https:\/\/almasge.com.br\/site\/politica-de-privacidade\/\",\"url\":\"https:\/\/almasge.com.br\/site\/politica-de-privacidade\/\",\"name\":\"Pol\u00edtica de Privacidade - Alma\",\"isPartOf\":{\"@id\":\"https:\/\/almasge.com.br\/site\/#website\"},\"primaryImageOfPage\":{\"@id\":\"https:\/\/almasge.com.br\/site\/politica-de-privacidade\/#primaryimage\"},\"image\":{\"@id\":\"https:\/\/almasge.com.br\/site\/politica-de-privacidade\/#primaryimage\"},\"thumbnailUrl\":\"https:\/\/almasge.com.br\/site\/wp-content\/uploads\/2019\/12\/blockchain.jpg\",\"datePublished\":\"2019-07-15T12:28:19+00:00\",\"dateModified\":\"2020-01-28T16:57:14+00:00\",\"breadcrumb\":{\"@id\":\"https:\/\/almasge.com.br\/site\/politica-de-privacidade\/#breadcrumb\"},\"inLanguage\":\"pt-BR\",\"potentialAction\":[{\"@type\":\"ReadAction\",\"target\":[\"https:\/\/almasge.com.br\/site\/politica-de-privacidade\/\"]}]},{\"@type\":\"ImageObject\",\"inLanguage\":\"pt-BR\",\"@id\":\"https:\/\/almasge.com.br\/site\/politica-de-privacidade\/#primaryimage\",\"url\":\"https:\/\/almasge.com.br\/site\/wp-content\/uploads\/2019\/12\/blockchain.jpg\",\"contentUrl\":\"https:\/\/almasge.com.br\/site\/wp-content\/uploads\/2019\/12\/blockchain.jpg\",\"width\":1579,\"height\":486,\"caption\":\"Hispanic woman using a digital tablet\"},{\"@type\":\"BreadcrumbList\",\"@id\":\"https:\/\/almasge.com.br\/site\/politica-de-privacidade\/#breadcrumb\",\"itemListElement\":[{\"@type\":\"ListItem\",\"position\":1,\"name\":\"In\u00edcio\",\"item\":\"https:\/\/almasge.com.br\/site\/\"},{\"@type\":\"ListItem\",\"position\":2,\"name\":\"Pol\u00edtica de Privacidade\"}]},{\"@type\":\"WebSite\",\"@id\":\"https:\/\/almasge.com.br\/site\/#website\",\"url\":\"https:\/\/almasge.com.br\/site\/\",\"name\":\"Alma\",\"description\":\"Sistemas de Gest\u00e3o Empresarial\",\"publisher\":{\"@id\":\"https:\/\/almasge.com.br\/site\/#organization\"},\"potentialAction\":[{\"@type\":\"SearchAction\",\"target\":{\"@type\":\"EntryPoint\",\"urlTemplate\":\"https:\/\/almasge.com.br\/site\/?s={search_term_string}\"},\"query-input\":{\"@type\":\"PropertyValueSpecification\",\"valueRequired\":true,\"valueName\":\"search_term_string\"}}],\"inLanguage\":\"pt-BR\"},{\"@type\":\"Organization\",\"@id\":\"https:\/\/almasge.com.br\/site\/#organization\",\"name\":\"ALMA Sistemas de Gest\u00e3o Empresarial\",\"url\":\"https:\/\/almasge.com.br\/site\/\",\"logo\":{\"@type\":\"ImageObject\",\"inLanguage\":\"pt-BR\",\"@id\":\"https:\/\/almasge.com.br\/site\/#\/schema\/logo\/image\/\",\"url\":\"https:\/\/almasge.com.br\/site\/wp-content\/uploads\/2019\/07\/logo_ico.png\",\"contentUrl\":\"https:\/\/almasge.com.br\/site\/wp-content\/uploads\/2019\/07\/logo_ico.png\",\"width\":512,\"height\":512,\"caption\":\"ALMA Sistemas de Gest\u00e3o Empresarial\"},\"image\":{\"@id\":\"https:\/\/almasge.com.br\/site\/#\/schema\/logo\/image\/\"}}]}<\/script>\n<!-- \/ Yoast SEO plugin. -->","yoast_head_json":{"title":"Pol\u00edtica de Privacidade - Alma","robots":{"index":"index","follow":"follow","max-snippet":"max-snippet:-1","max-image-preview":"max-image-preview:large","max-video-preview":"max-video-preview:-1"},"canonical":"https:\/\/almasge.com.br\/site\/politica-de-privacidade\/","og_locale":"pt_BR","og_type":"article","og_title":"Pol\u00edtica de Privacidade - Alma","og_description":"Pol\u00edtica de Privacidade ALMA. Detalhes sobre a seguran\u00e7a de seus dados.","og_url":"https:\/\/almasge.com.br\/site\/politica-de-privacidade\/","og_site_name":"Alma","article_modified_time":"2020-01-28T16:57:14+00:00","og_image":[{"width":1579,"height":486,"url":"https:\/\/almasge.com.br\/site\/wp-content\/uploads\/2019\/12\/blockchain.jpg","type":"image\/jpeg"}],"twitter_card":"summary_large_image","twitter_misc":{"Est. tempo de leitura":"6 minutos"},"schema":{"@context":"https:\/\/schema.org","@graph":[{"@type":"WebPage","@id":"https:\/\/almasge.com.br\/site\/politica-de-privacidade\/","url":"https:\/\/almasge.com.br\/site\/politica-de-privacidade\/","name":"Pol\u00edtica de Privacidade - Alma","isPartOf":{"@id":"https:\/\/almasge.com.br\/site\/#website"},"primaryImageOfPage":{"@id":"https:\/\/almasge.com.br\/site\/politica-de-privacidade\/#primaryimage"},"image":{"@id":"https:\/\/almasge.com.br\/site\/politica-de-privacidade\/#primaryimage"},"thumbnailUrl":"https:\/\/almasge.com.br\/site\/wp-content\/uploads\/2019\/12\/blockchain.jpg","datePublished":"2019-07-15T12:28:19+00:00","dateModified":"2020-01-28T16:57:14+00:00","breadcrumb":{"@id":"https:\/\/almasge.com.br\/site\/politica-de-privacidade\/#breadcrumb"},"inLanguage":"pt-BR","potentialAction":[{"@type":"ReadAction","target":["https:\/\/almasge.com.br\/site\/politica-de-privacidade\/"]}]},{"@type":"ImageObject","inLanguage":"pt-BR","@id":"https:\/\/almasge.com.br\/site\/politica-de-privacidade\/#primaryimage","url":"https:\/\/almasge.com.br\/site\/wp-content\/uploads\/2019\/12\/blockchain.jpg","contentUrl":"https:\/\/almasge.com.br\/site\/wp-content\/uploads\/2019\/12\/blockchain.jpg","width":1579,"height":486,"caption":"Hispanic woman using a digital tablet"},{"@type":"BreadcrumbList","@id":"https:\/\/almasge.com.br\/site\/politica-de-privacidade\/#breadcrumb","itemListElement":[{"@type":"ListItem","position":1,"name":"In\u00edcio","item":"https:\/\/almasge.com.br\/site\/"},{"@type":"ListItem","position":2,"name":"Pol\u00edtica de Privacidade"}]},{"@type":"WebSite","@id":"https:\/\/almasge.com.br\/site\/#website","url":"https:\/\/almasge.com.br\/site\/","name":"Alma","description":"Sistemas de Gest\u00e3o Empresarial","publisher":{"@id":"https:\/\/almasge.com.br\/site\/#organization"},"potentialAction":[{"@type":"SearchAction","target":{"@type":"EntryPoint","urlTemplate":"https:\/\/almasge.com.br\/site\/?s={search_term_string}"},"query-input":{"@type":"PropertyValueSpecification","valueRequired":true,"valueName":"search_term_string"}}],"inLanguage":"pt-BR"},{"@type":"Organization","@id":"https:\/\/almasge.com.br\/site\/#organization","name":"ALMA Sistemas de Gest\u00e3o Empresarial","url":"https:\/\/almasge.com.br\/site\/","logo":{"@type":"ImageObject","inLanguage":"pt-BR","@id":"https:\/\/almasge.com.br\/site\/#\/schema\/logo\/image\/","url":"https:\/\/almasge.com.br\/site\/wp-content\/uploads\/2019\/07\/logo_ico.png","contentUrl":"https:\/\/almasge.com.br\/site\/wp-content\/uploads\/2019\/07\/logo_ico.png","width":512,"height":512,"caption":"ALMA Sistemas de Gest\u00e3o Empresarial"},"image":{"@id":"https:\/\/almasge.com.br\/site\/#\/schema\/logo\/image\/"}}]}},"_links":{"self":[{"href":"https:\/\/almasge.com.br\/site\/wp-json\/wp\/v2\/pages\/3","targetHints":{"allow":["GET"]}}],"collection":[{"href":"https:\/\/almasge.com.br\/site\/wp-json\/wp\/v2\/pages"}],"about":[{"href":"https:\/\/almasge.com.br\/site\/wp-json\/wp\/v2\/types\/page"}],"author":[{"embeddable":true,"href":"https:\/\/almasge.com.br\/site\/wp-json\/wp\/v2\/users\/1"}],"replies":[{"embeddable":true,"href":"https:\/\/almasge.com.br\/site\/wp-json\/wp\/v2\/comments?post=3"}],"version-history":[{"count":16,"href":"https:\/\/almasge.com.br\/site\/wp-json\/wp\/v2\/pages\/3\/revisions"}],"predecessor-version":[{"id":883,"href":"https:\/\/almasge.com.br\/site\/wp-json\/wp\/v2\/pages\/3\/revisions\/883"}],"wp:featuredmedia":[{"embeddable":true,"href":"https:\/\/almasge.com.br\/site\/wp-json\/wp\/v2\/media\/672"}],"wp:attachment":[{"href":"https:\/\/almasge.com.br\/site\/wp-json\/wp\/v2\/media?parent=3"}],"curies":[{"name":"wp","href":"https:\/\/api.w.org\/{rel}","templated":true}]}}